{"id":644,"date":"2025-04-27T16:46:40","date_gmt":"2025-04-27T16:46:40","guid":{"rendered":"https:\/\/heisetranslations.com\/beglaubigte-beeidigte-uebersetzung\/"},"modified":"2025-05-26T05:20:18","modified_gmt":"2025-05-26T05:20:18","slug":"beglaubigte-uebersetzung","status":"publish","type":"page","link":"https:\/\/heisetranslations.com\/de\/beglaubigte-uebersetzung\/","title":{"rendered":"Beglaubigte \u00dcbersetzung"},"content":{"rendered":"\t\t<div data-elementor-type=\"wp-page\" data-elementor-id=\"644\" class=\"elementor elementor-644 elementor-311\" data-elementor-post-type=\"page\">\n\t\t\t\t<div class=\"elementor-element elementor-element-ada1e51 e-flex e-con-boxed e-con e-parent\" data-id=\"ada1e51\" data-element_type=\"container\" data-e-type=\"container\">\n\t\t\t\t\t<div class=\"e-con-inner\">\n\t\t<div class=\"elementor-element elementor-element-5be09ee e-con-full e-flex e-con e-child\" data-id=\"5be09ee\" data-element_type=\"container\" data-e-type=\"container\">\n\t\t\t\t<div class=\"elementor-element elementor-element-600f452 elementor-widget elementor-widget-heading\" data-id=\"600f452\" data-element_type=\"widget\" data-e-type=\"widget\" data-widget_type=\"heading.default\">\n\t\t\t\t<div class=\"elementor-widget-container\">\n\t\t\t\t\t<h2 class=\"elementor-heading-title elementor-size-default\">Beglaubigte \u00dcbersetzung<\/h2>\t\t\t\t<\/div>\n\t\t\t\t<\/div>\n\t\t\t\t<div class=\"elementor-element elementor-element-382d440 elementor-widget elementor-widget-text-editor\" data-id=\"382d440\" data-element_type=\"widget\" data-e-type=\"widget\" data-widget_type=\"text-editor.default\">\n\t\t\t\t<div class=\"elementor-widget-container\">\n\t\t\t\t\t\t\t\t\t<p>Eine beglaubigte \u00dcbersetzung ist eine \u00dcbersetzung, die von einem vereidigten oder beeidigten \u00dcbersetzer angefertigt wird und die in ihrem Inhalt und ihrer Richtigkeit dem Originaldokument entspricht. Solche \u00dcbersetzungen werden h\u00e4ufig f\u00fcr offizielle oder rechtliche Zwecke ben\u00f6tigt, bei denen die Authentizit\u00e4t und Korrektheit der \u00dcbersetzung entscheidend sind. Der \u00dcbersetzer best\u00e4tigt durch Unterschrift (digitale Unterschrift) und Stempel, dass die \u00dcbersetzung vollst\u00e4ndig und wahrheitsgem\u00e4\u00df ist.<\/p>\t\t\t\t\t\t\t\t<\/div>\n\t\t\t\t<\/div>\n\t\t\t\t<div class=\"elementor-element elementor-element-a7dfeb8 elementor-widget elementor-widget-n-accordion\" data-id=\"a7dfeb8\" data-element_type=\"widget\" data-e-type=\"widget\" data-settings=\"{&quot;default_state&quot;:&quot;expanded&quot;,&quot;max_items_expended&quot;:&quot;one&quot;,&quot;n_accordion_animation_duration&quot;:{&quot;unit&quot;:&quot;ms&quot;,&quot;size&quot;:400,&quot;sizes&quot;:[]}}\" data-widget_type=\"nested-accordion.default\">\n\t\t\t\t<div class=\"elementor-widget-container\">\n\t\t\t\t\t\t\t<div class=\"e-n-accordion\" aria-label=\"Accordion. Open links with Enter or Space, close with Escape, and navigate with Arrow Keys\">\n\t\t\t\t\t\t<details id=\"e-n-accordion-item-1760\" class=\"e-n-accordion-item\" open>\n\t\t\t\t<summary class=\"e-n-accordion-item-title\" data-accordion-index=\"1\" tabindex=\"0\" aria-expanded=\"true\" aria-controls=\"e-n-accordion-item-1760\" >\n\t\t\t\t\t<span class='e-n-accordion-item-title-header'><div class=\"e-n-accordion-item-title-text\"> Beispiele f\u00fcr Dokumente, die oft eine beglaubigte \u00dcbersetzung erfordern: <\/div><\/span>\n\t\t\t\t\t\t\t<span class='e-n-accordion-item-title-icon'>\n\t\t\t<span class='e-opened' ><svg aria-hidden=\"true\" class=\"e-font-icon-svg e-fas-minus\" viewBox=\"0 0 448 512\" xmlns=\"http:\/\/www.w3.org\/2000\/svg\"><path d=\"M416 208H32c-17.67 0-32 14.33-32 32v32c0 17.67 14.33 32 32 32h384c17.67 0 32-14.33 32-32v-32c0-17.67-14.33-32-32-32z\"><\/path><\/svg><\/span>\n\t\t\t<span class='e-closed'><svg aria-hidden=\"true\" class=\"e-font-icon-svg e-fas-plus\" viewBox=\"0 0 448 512\" xmlns=\"http:\/\/www.w3.org\/2000\/svg\"><path d=\"M416 208H272V64c0-17.67-14.33-32-32-32h-32c-17.67 0-32 14.33-32 32v144H32c-17.67 0-32 14.33-32 32v32c0 17.67 14.33 32 32 32h144v144c0 17.67 14.33 32 32 32h32c17.67 0 32-14.33 32-32V304h144c17.67 0 32-14.33 32-32v-32c0-17.67-14.33-32-32-32z\"><\/path><\/svg><\/span>\n\t\t<\/span>\n\n\t\t\t\t\t\t<\/summary>\n\t\t\t\t<div role=\"region\" aria-labelledby=\"e-n-accordion-item-1760\" class=\"elementor-element elementor-element-63b1db7 e-con-full e-flex e-con e-child\" data-id=\"63b1db7\" data-element_type=\"container\" data-e-type=\"container\">\n\t\t<div role=\"region\" aria-labelledby=\"e-n-accordion-item-1760\" class=\"elementor-element elementor-element-3a4507f e-con-full e-flex e-con e-child\" data-id=\"3a4507f\" data-element_type=\"container\" data-e-type=\"container\">\n\t\t\t\t<div class=\"elementor-element elementor-element-08eedf2 elementor-widget elementor-widget-text-editor\" data-id=\"08eedf2\" data-element_type=\"widget\" data-e-type=\"widget\" data-widget_type=\"text-editor.default\">\n\t\t\t\t<div class=\"elementor-widget-container\">\n\t\t\t\t\t\t\t\t\t<p>Geburtsurkunde, Heiratsurkunde, Scheidungsurteil, Sterbeurkunde, F\u00fchrungszeugnis, Zeugnis, Arbeitsvertrag, Handelsregisterauszug, Aufenthaltsgenehmigung, Gerichtsurteil, Einb\u00fcrgerungsurkunde, Vollmacht, Versicherungspolice, Schulabschlusszeugnis, Universit\u00e4tsdiplom, Steuerbescheid, Mietvertrag, Reisepass, Personalausweis, Scheidungsvertrag, Abiturzeugnis, Einb\u00fcrgerungsurkunde, Testament,\u00a0 Krankenversicherungsnachweis, Kfz-Versicherung, T\u00dcV-Bescheinigung, Geburtsurkunde, Heiratsurkunde, Sterbeurkunde, Scheidungsurteil, Universit\u00e4tsdiplom, Arbeitsvertrag, F\u00fchrungszeugnis, Aufenthaltsgenehmigung, Vollmacht, Gerichtsurteil, Handelsregisterauszug, Patentanmeldung, Finanzamtbescheinigung, Scheidungsvertrag, Mietvertrag\u2026<\/p>\t\t\t\t\t\t\t\t<\/div>\n\t\t\t\t<\/div>\n\t\t\t\t<\/div>\n\t\t\t\t<\/div>\n\t\t\t\t\t<\/details>\n\t\t\t\t\t<\/div>\n\t\t\t\t\t\t<\/div>\n\t\t\t\t<\/div>\n\t\t\t\t<div class=\"elementor-element elementor-element-2196b0e elementor-mobile-align-justify elementor-widget elementor-widget-button\" data-id=\"2196b0e\" data-element_type=\"widget\" data-e-type=\"widget\" data-widget_type=\"button.default\">\n\t\t\t\t<div class=\"elementor-widget-container\">\n\t\t\t\t\t\t\t\t\t<div class=\"elementor-button-wrapper\">\n\t\t\t\t\t<a class=\"elementor-button elementor-button-link elementor-size-sm\" href=\"https:\/\/heisetranslations.com\/de\/kontakt\/\">\n\t\t\t\t\t\t<span class=\"elementor-button-content-wrapper\">\n\t\t\t\t\t\t<span class=\"elementor-button-icon\">\n\t\t\t\t<svg aria-hidden=\"true\" class=\"e-font-icon-svg e-fas-arrow-circle-right\" viewBox=\"0 0 512 512\" xmlns=\"http:\/\/www.w3.org\/2000\/svg\"><path d=\"M256 8c137 0 248 111 248 248S393 504 256 504 8 393 8 256 119 8 256 8zm-28.9 143.6l75.5 72.4H120c-13.3 0-24 10.7-24 24v16c0 13.3 10.7 24 24 24h182.6l-75.5 72.4c-9.7 9.3-9.9 24.8-.4 34.3l11 10.9c9.4 9.4 24.6 9.4 33.9 0L404.3 273c9.4-9.4 9.4-24.6 0-33.9L271.6 106.3c-9.4-9.4-24.6-9.4-33.9 0l-11 10.9c-9.5 9.6-9.3 25.1.4 34.4z\"><\/path><\/svg>\t\t\t<\/span>\n\t\t\t\t\t\t\t\t\t<span class=\"elementor-button-text\">Kontakt<\/span>\n\t\t\t\t\t<\/span>\n\t\t\t\t\t<\/a>\n\t\t\t\t<\/div>\n\t\t\t\t\t\t\t\t<\/div>\n\t\t\t\t<\/div>\n\t\t\t\t<\/div>\n\t\t<div class=\"elementor-element elementor-element-6af7dce e-con-full e-flex e-con e-child\" data-id=\"6af7dce\" data-element_type=\"container\" data-e-type=\"container\">\n\t\t\t\t<div class=\"elementor-element elementor-element-2f8e84c elementor-widget elementor-widget-image\" data-id=\"2f8e84c\" data-element_type=\"widget\" data-e-type=\"widget\" data-widget_type=\"image.default\">\n\t\t\t\t<div class=\"elementor-widget-container\">\n\t\t\t\t\t\t\t\t\t\t\t\t\t\t\t<img fetchpriority=\"high\" decoding=\"async\" width=\"800\" height=\"800\" src=\"https:\/\/heisetranslations.com\/wp-content\/uploads\/2025\/05\/certificate-passport-france-1.webp\" class=\"attachment-large size-large wp-image-1919\" alt=\"Traducci\u00f3n jurada Una traducci\u00f3n jurada es una traducci\u00f3n realizada por un traductor jurado o acreditado oficialmente, y que refleja fielmente el contenido y la exactitud del documento original. Este tipo de traducci\u00f3n se requiere habitualmente para fines oficiales o legales, donde la autenticidad y la precisi\u00f3n del texto traducido son fundamentales. El traductor certifica mediante su firma (digital o manuscrita) y sello que la traducci\u00f3n es completa y veraz.\" srcset=\"https:\/\/heisetranslations.com\/wp-content\/uploads\/2025\/05\/certificate-passport-france-1.webp 978w, https:\/\/heisetranslations.com\/wp-content\/uploads\/2025\/05\/certificate-passport-france-1-300x300.webp 300w, https:\/\/heisetranslations.com\/wp-content\/uploads\/2025\/05\/certificate-passport-france-1-150x150.webp 150w, https:\/\/heisetranslations.com\/wp-content\/uploads\/2025\/05\/certificate-passport-france-1-768x768.webp 768w\" sizes=\"(max-width: 800px) 100vw, 800px\" \/>\t\t\t\t\t\t\t\t\t\t\t\t\t\t\t<\/div>\n\t\t\t\t<\/div>\n\t\t\t\t<\/div>\n\t\t\t\t\t<\/div>\n\t\t\t\t<\/div>\n\t\t\t\t<\/div>\n\t\t","protected":false},"excerpt":{"rendered":"<p>Beglaubigte \u00dcbersetzung Eine beglaubigte \u00dcbersetzung ist eine \u00dcbersetzung, die von einem vereidigten oder beeidigten \u00dcbersetzer angefertigt wird und die in ihrem Inhalt und ihrer Richtigkeit dem Originaldokument entspricht. Solche \u00dcbersetzungen werden h\u00e4ufig f\u00fcr offizielle oder rechtliche Zwecke ben\u00f6tigt, bei denen die Authentizit\u00e4t und Korrektheit der \u00dcbersetzung entscheidend sind. Der \u00dcbersetzer best\u00e4tigt durch Unterschrift (digitale Unterschrift) [&hellip;]<\/p>\n","protected":false},"author":1,"featured_media":0,"parent":0,"menu_order":0,"comment_status":"closed","ping_status":"closed","template":"elementor_header_footer","meta":{"footnotes":""},"class_list":["post-644","page","type-page","status-publish","hentry"],"yoast_head":"<!-- This site is optimized with the Yoast SEO plugin v27.3 - https:\/\/yoast.com\/product\/yoast-seo-wordpress\/ -->\n<title>Beglaubigte \u00dcbersetzung | Sichere und zertifizierte juristische \u00dcbersetzung - Heise Translations<\/title>\n<meta name=\"description\" content=\"Heise Translations bietet beglaubigte \u00dcbersetzungen mit digitaler Signatur und rechtlicher G\u00fcltigkeit f\u00fcr offizielle Dokumente \u2013 mit h\u00f6chster Pr\u00e4zision, Vertraulichkeit und amtlicher Anerkennung.\" \/>\n<meta name=\"robots\" content=\"index, follow, max-snippet:-1, max-image-preview:large, max-video-preview:-1\" \/>\n<link rel=\"canonical\" href=\"https:\/\/heisetranslations.com\/de\/beglaubigte-uebersetzung\/\" \/>\n<meta property=\"og:locale\" content=\"de_DE\" \/>\n<meta property=\"og:type\" content=\"article\" \/>\n<meta property=\"og:title\" content=\"Beglaubigte \u00dcbersetzung | Sichere und zertifizierte juristische \u00dcbersetzung - Heise Translations\" \/>\n<meta property=\"og:description\" content=\"Heise Translations bietet beglaubigte \u00dcbersetzungen mit digitaler Signatur und rechtlicher G\u00fcltigkeit f\u00fcr offizielle Dokumente \u2013 mit h\u00f6chster Pr\u00e4zision, Vertraulichkeit und amtlicher Anerkennung.\" \/>\n<meta property=\"og:url\" content=\"https:\/\/heisetranslations.com\/de\/beglaubigte-uebersetzung\/\" \/>\n<meta property=\"og:site_name\" content=\"Heise Translations\" \/>\n<meta property=\"article:modified_time\" content=\"2025-05-26T05:20:18+00:00\" \/>\n<meta property=\"og:image\" content=\"http:\/\/heisetranslations.com\/wp-content\/uploads\/2025\/05\/certificate-passport-france-1.webp\" \/>\n<meta name=\"twitter:card\" content=\"summary_large_image\" \/>\n<meta name=\"twitter:label1\" content=\"Gesch\u00e4tzte Lesezeit\" \/>\n\t<meta name=\"twitter:data1\" content=\"1\u00a0Minute\" \/>\n<script type=\"application\/ld+json\" class=\"yoast-schema-graph\">{\"@context\":\"https:\\\/\\\/schema.org\",\"@graph\":[{\"@type\":\"WebPage\",\"@id\":\"https:\\\/\\\/heisetranslations.com\\\/de\\\/beglaubigte-uebersetzung\\\/\",\"url\":\"https:\\\/\\\/heisetranslations.com\\\/de\\\/beglaubigte-uebersetzung\\\/\",\"name\":\"Beglaubigte \u00dcbersetzung | Sichere und zertifizierte juristische \u00dcbersetzung - Heise Translations\",\"isPartOf\":{\"@id\":\"https:\\\/\\\/heisetranslations.com\\\/#website\"},\"primaryImageOfPage\":{\"@id\":\"https:\\\/\\\/heisetranslations.com\\\/de\\\/beglaubigte-uebersetzung\\\/#primaryimage\"},\"image\":{\"@id\":\"https:\\\/\\\/heisetranslations.com\\\/de\\\/beglaubigte-uebersetzung\\\/#primaryimage\"},\"thumbnailUrl\":\"http:\\\/\\\/heisetranslations.com\\\/wp-content\\\/uploads\\\/2025\\\/05\\\/certificate-passport-france-1.webp\",\"datePublished\":\"2025-04-27T16:46:40+00:00\",\"dateModified\":\"2025-05-26T05:20:18+00:00\",\"description\":\"Heise Translations bietet beglaubigte \u00dcbersetzungen mit digitaler Signatur und rechtlicher G\u00fcltigkeit f\u00fcr offizielle Dokumente \u2013 mit h\u00f6chster Pr\u00e4zision, Vertraulichkeit und amtlicher Anerkennung.\",\"breadcrumb\":{\"@id\":\"https:\\\/\\\/heisetranslations.com\\\/de\\\/beglaubigte-uebersetzung\\\/#breadcrumb\"},\"inLanguage\":\"de\",\"potentialAction\":[{\"@type\":\"ReadAction\",\"target\":[\"https:\\\/\\\/heisetranslations.com\\\/de\\\/beglaubigte-uebersetzung\\\/\"]}]},{\"@type\":\"ImageObject\",\"inLanguage\":\"de\",\"@id\":\"https:\\\/\\\/heisetranslations.com\\\/de\\\/beglaubigte-uebersetzung\\\/#primaryimage\",\"url\":\"http:\\\/\\\/heisetranslations.com\\\/wp-content\\\/uploads\\\/2025\\\/05\\\/certificate-passport-france-1.webp\",\"contentUrl\":\"http:\\\/\\\/heisetranslations.com\\\/wp-content\\\/uploads\\\/2025\\\/05\\\/certificate-passport-france-1.webp\"},{\"@type\":\"BreadcrumbList\",\"@id\":\"https:\\\/\\\/heisetranslations.com\\\/de\\\/beglaubigte-uebersetzung\\\/#breadcrumb\",\"itemListElement\":[{\"@type\":\"ListItem\",\"position\":1,\"name\":\"Portada\",\"item\":\"https:\\\/\\\/heisetranslations.com\\\/\"},{\"@type\":\"ListItem\",\"position\":2,\"name\":\"Beglaubigte \u00dcbersetzung\"}]},{\"@type\":\"WebSite\",\"@id\":\"https:\\\/\\\/heisetranslations.com\\\/#website\",\"url\":\"https:\\\/\\\/heisetranslations.com\\\/\",\"name\":\"Heise Translations\",\"description\":\"Language services in and from Mallorca\",\"publisher\":{\"@id\":\"https:\\\/\\\/heisetranslations.com\\\/#organization\"},\"potentialAction\":[{\"@type\":\"SearchAction\",\"target\":{\"@type\":\"EntryPoint\",\"urlTemplate\":\"https:\\\/\\\/heisetranslations.com\\\/?s={search_term_string}\"},\"query-input\":{\"@type\":\"PropertyValueSpecification\",\"valueRequired\":true,\"valueName\":\"search_term_string\"}}],\"inLanguage\":\"de\"},{\"@type\":\"Organization\",\"@id\":\"https:\\\/\\\/heisetranslations.com\\\/#organization\",\"name\":\"Heise Translations\",\"url\":\"https:\\\/\\\/heisetranslations.com\\\/\",\"logo\":{\"@type\":\"ImageObject\",\"inLanguage\":\"de\",\"@id\":\"https:\\\/\\\/heisetranslations.com\\\/#\\\/schema\\\/logo\\\/image\\\/\",\"url\":\"https:\\\/\\\/heisetranslations.com\\\/wp-content\\\/uploads\\\/2025\\\/04\\\/logo-h1-1.png\",\"contentUrl\":\"https:\\\/\\\/heisetranslations.com\\\/wp-content\\\/uploads\\\/2025\\\/04\\\/logo-h1-1.png\",\"width\":1600,\"height\":1600,\"caption\":\"Heise Translations\"},\"image\":{\"@id\":\"https:\\\/\\\/heisetranslations.com\\\/#\\\/schema\\\/logo\\\/image\\\/\"}}]}<\/script>\n<!-- \/ Yoast SEO plugin. -->","yoast_head_json":{"title":"Beglaubigte \u00dcbersetzung | Sichere und zertifizierte juristische \u00dcbersetzung - Heise Translations","description":"Heise Translations bietet beglaubigte \u00dcbersetzungen mit digitaler Signatur und rechtlicher G\u00fcltigkeit f\u00fcr offizielle Dokumente \u2013 mit h\u00f6chster Pr\u00e4zision, Vertraulichkeit und amtlicher Anerkennung.","robots":{"index":"index","follow":"follow","max-snippet":"max-snippet:-1","max-image-preview":"max-image-preview:large","max-video-preview":"max-video-preview:-1"},"canonical":"https:\/\/heisetranslations.com\/de\/beglaubigte-uebersetzung\/","og_locale":"de_DE","og_type":"article","og_title":"Beglaubigte \u00dcbersetzung | Sichere und zertifizierte juristische \u00dcbersetzung - Heise Translations","og_description":"Heise Translations bietet beglaubigte \u00dcbersetzungen mit digitaler Signatur und rechtlicher G\u00fcltigkeit f\u00fcr offizielle Dokumente \u2013 mit h\u00f6chster Pr\u00e4zision, Vertraulichkeit und amtlicher Anerkennung.","og_url":"https:\/\/heisetranslations.com\/de\/beglaubigte-uebersetzung\/","og_site_name":"Heise Translations","article_modified_time":"2025-05-26T05:20:18+00:00","og_image":[{"url":"http:\/\/heisetranslations.com\/wp-content\/uploads\/2025\/05\/certificate-passport-france-1.webp","type":"","width":"","height":""}],"twitter_card":"summary_large_image","twitter_misc":{"Gesch\u00e4tzte Lesezeit":"1\u00a0Minute"},"schema":{"@context":"https:\/\/schema.org","@graph":[{"@type":"WebPage","@id":"https:\/\/heisetranslations.com\/de\/beglaubigte-uebersetzung\/","url":"https:\/\/heisetranslations.com\/de\/beglaubigte-uebersetzung\/","name":"Beglaubigte \u00dcbersetzung | Sichere und zertifizierte juristische \u00dcbersetzung - Heise Translations","isPartOf":{"@id":"https:\/\/heisetranslations.com\/#website"},"primaryImageOfPage":{"@id":"https:\/\/heisetranslations.com\/de\/beglaubigte-uebersetzung\/#primaryimage"},"image":{"@id":"https:\/\/heisetranslations.com\/de\/beglaubigte-uebersetzung\/#primaryimage"},"thumbnailUrl":"http:\/\/heisetranslations.com\/wp-content\/uploads\/2025\/05\/certificate-passport-france-1.webp","datePublished":"2025-04-27T16:46:40+00:00","dateModified":"2025-05-26T05:20:18+00:00","description":"Heise Translations bietet beglaubigte \u00dcbersetzungen mit digitaler Signatur und rechtlicher G\u00fcltigkeit f\u00fcr offizielle Dokumente \u2013 mit h\u00f6chster Pr\u00e4zision, Vertraulichkeit und amtlicher Anerkennung.","breadcrumb":{"@id":"https:\/\/heisetranslations.com\/de\/beglaubigte-uebersetzung\/#breadcrumb"},"inLanguage":"de","potentialAction":[{"@type":"ReadAction","target":["https:\/\/heisetranslations.com\/de\/beglaubigte-uebersetzung\/"]}]},{"@type":"ImageObject","inLanguage":"de","@id":"https:\/\/heisetranslations.com\/de\/beglaubigte-uebersetzung\/#primaryimage","url":"http:\/\/heisetranslations.com\/wp-content\/uploads\/2025\/05\/certificate-passport-france-1.webp","contentUrl":"http:\/\/heisetranslations.com\/wp-content\/uploads\/2025\/05\/certificate-passport-france-1.webp"},{"@type":"BreadcrumbList","@id":"https:\/\/heisetranslations.com\/de\/beglaubigte-uebersetzung\/#breadcrumb","itemListElement":[{"@type":"ListItem","position":1,"name":"Portada","item":"https:\/\/heisetranslations.com\/"},{"@type":"ListItem","position":2,"name":"Beglaubigte \u00dcbersetzung"}]},{"@type":"WebSite","@id":"https:\/\/heisetranslations.com\/#website","url":"https:\/\/heisetranslations.com\/","name":"Heise Translations","description":"Language services in and from Mallorca","publisher":{"@id":"https:\/\/heisetranslations.com\/#organization"},"potentialAction":[{"@type":"SearchAction","target":{"@type":"EntryPoint","urlTemplate":"https:\/\/heisetranslations.com\/?s={search_term_string}"},"query-input":{"@type":"PropertyValueSpecification","valueRequired":true,"valueName":"search_term_string"}}],"inLanguage":"de"},{"@type":"Organization","@id":"https:\/\/heisetranslations.com\/#organization","name":"Heise Translations","url":"https:\/\/heisetranslations.com\/","logo":{"@type":"ImageObject","inLanguage":"de","@id":"https:\/\/heisetranslations.com\/#\/schema\/logo\/image\/","url":"https:\/\/heisetranslations.com\/wp-content\/uploads\/2025\/04\/logo-h1-1.png","contentUrl":"https:\/\/heisetranslations.com\/wp-content\/uploads\/2025\/04\/logo-h1-1.png","width":1600,"height":1600,"caption":"Heise Translations"},"image":{"@id":"https:\/\/heisetranslations.com\/#\/schema\/logo\/image\/"}}]}},"_links":{"self":[{"href":"https:\/\/heisetranslations.com\/de\/wp-json\/wp\/v2\/pages\/644","targetHints":{"allow":["GET"]}}],"collection":[{"href":"https:\/\/heisetranslations.com\/de\/wp-json\/wp\/v2\/pages"}],"about":[{"href":"https:\/\/heisetranslations.com\/de\/wp-json\/wp\/v2\/types\/page"}],"author":[{"embeddable":true,"href":"https:\/\/heisetranslations.com\/de\/wp-json\/wp\/v2\/users\/1"}],"replies":[{"embeddable":true,"href":"https:\/\/heisetranslations.com\/de\/wp-json\/wp\/v2\/comments?post=644"}],"version-history":[{"count":11,"href":"https:\/\/heisetranslations.com\/de\/wp-json\/wp\/v2\/pages\/644\/revisions"}],"predecessor-version":[{"id":1932,"href":"https:\/\/heisetranslations.com\/de\/wp-json\/wp\/v2\/pages\/644\/revisions\/1932"}],"wp:attachment":[{"href":"https:\/\/heisetranslations.com\/de\/wp-json\/wp\/v2\/media?parent=644"}],"curies":[{"name":"wp","href":"https:\/\/api.w.org\/{rel}","templated":true}]}}