{"id":636,"date":"2025-04-27T16:46:40","date_gmt":"2025-04-27T16:46:40","guid":{"rendered":"https:\/\/heisetranslations.com\/dolmetscherdienst\/"},"modified":"2025-05-26T05:35:40","modified_gmt":"2025-05-26T05:35:40","slug":"korrekturlesen","status":"publish","type":"page","link":"https:\/\/heisetranslations.com\/de\/korrekturlesen\/","title":{"rendered":"Korrekturlesen"},"content":{"rendered":"\t\t<div data-elementor-type=\"wp-page\" data-elementor-id=\"636\" class=\"elementor elementor-636 elementor-312\" data-elementor-post-type=\"page\">\n\t\t\t\t<div class=\"elementor-element elementor-element-830f38f e-flex e-con-boxed e-con e-parent\" data-id=\"830f38f\" data-element_type=\"container\" data-e-type=\"container\">\n\t\t\t\t\t<div class=\"e-con-inner\">\n\t\t<div class=\"elementor-element elementor-element-b58863c e-con-full e-flex e-con e-child\" data-id=\"b58863c\" data-element_type=\"container\" data-e-type=\"container\">\n\t\t\t\t<div class=\"elementor-element elementor-element-68404ab elementor-widget elementor-widget-heading\" data-id=\"68404ab\" data-element_type=\"widget\" data-e-type=\"widget\" data-widget_type=\"heading.default\">\n\t\t\t\t<div class=\"elementor-widget-container\">\n\t\t\t\t\t<h2 class=\"elementor-heading-title elementor-size-default\">Korrekturlesen <\/h2>\t\t\t\t<\/div>\n\t\t\t\t<\/div>\n\t\t\t\t<div class=\"elementor-element elementor-element-13b7e39 elementor-widget elementor-widget-text-editor\" data-id=\"13b7e39\" data-element_type=\"widget\" data-e-type=\"widget\" data-widget_type=\"text-editor.default\">\n\t\t\t\t<div class=\"elementor-widget-container\">\n\t\t\t\t\t\t\t\t\t<p>Ein Dokumentenkorrekturservice umfasst die sorgf\u00e4ltige \u00dcberpr\u00fcfung und Korrektur von Texten in Bezug auf Rechtschreibung, Grammatik, Zeichensetzung und Stil. Ziel ist es, Fehler zu beseitigen und die Lesbarkeit sowie die sprachliche Pr\u00e4zision des Dokuments zu verbessern. Ein professioneller Korrekturservice kann auch auf spezifische Anforderungen des Autors oder der Branche eingehen, um den Text an bestimmte Standards oder ein bestimmtes Publikum anzupassen.<\/p>\t\t\t\t\t\t\t\t<\/div>\n\t\t\t\t<\/div>\n\t\t\t\t<div class=\"elementor-element elementor-element-c7098cf elementor-mobile-align-justify elementor-widget elementor-widget-button\" data-id=\"c7098cf\" data-element_type=\"widget\" data-e-type=\"widget\" data-widget_type=\"button.default\">\n\t\t\t\t<div class=\"elementor-widget-container\">\n\t\t\t\t\t\t\t\t\t<div class=\"elementor-button-wrapper\">\n\t\t\t\t\t<a class=\"elementor-button elementor-button-link elementor-size-sm\" href=\"https:\/\/heisetranslations.com\/de\/kontakt\/\">\n\t\t\t\t\t\t<span class=\"elementor-button-content-wrapper\">\n\t\t\t\t\t\t<span class=\"elementor-button-icon\">\n\t\t\t\t<svg aria-hidden=\"true\" class=\"e-font-icon-svg e-fas-arrow-circle-right\" viewBox=\"0 0 512 512\" xmlns=\"http:\/\/www.w3.org\/2000\/svg\"><path d=\"M256 8c137 0 248 111 248 248S393 504 256 504 8 393 8 256 119 8 256 8zm-28.9 143.6l75.5 72.4H120c-13.3 0-24 10.7-24 24v16c0 13.3 10.7 24 24 24h182.6l-75.5 72.4c-9.7 9.3-9.9 24.8-.4 34.3l11 10.9c9.4 9.4 24.6 9.4 33.9 0L404.3 273c9.4-9.4 9.4-24.6 0-33.9L271.6 106.3c-9.4-9.4-24.6-9.4-33.9 0l-11 10.9c-9.5 9.6-9.3 25.1.4 34.4z\"><\/path><\/svg>\t\t\t<\/span>\n\t\t\t\t\t\t\t\t\t<span class=\"elementor-button-text\">Kontakt<\/span>\n\t\t\t\t\t<\/span>\n\t\t\t\t\t<\/a>\n\t\t\t\t<\/div>\n\t\t\t\t\t\t\t\t<\/div>\n\t\t\t\t<\/div>\n\t\t\t\t<\/div>\n\t\t<div class=\"elementor-element elementor-element-1d4a076 e-con-full e-flex e-con e-child\" data-id=\"1d4a076\" data-element_type=\"container\" data-e-type=\"container\">\n\t\t\t\t<div class=\"elementor-element elementor-element-9871607 elementor-widget elementor-widget-image\" data-id=\"9871607\" data-element_type=\"widget\" data-e-type=\"widget\" data-widget_type=\"image.default\">\n\t\t\t\t<div class=\"elementor-widget-container\">\n\t\t\t\t\t\t\t\t\t\t\t\t\t\t\t<img fetchpriority=\"high\" decoding=\"async\" width=\"800\" height=\"550\" src=\"https:\/\/heisetranslations.com\/wp-content\/uploads\/2025\/05\/Editing-and-Proofreading-1-1024x704.png\" class=\"attachment-large size-large wp-image-1724\" alt=\"Correcci\u00f3n de textos Un servicio de correcci\u00f3n de textos implica la revisi\u00f3n minuciosa y correcci\u00f3n de documentos en cuanto a ortograf\u00eda, gram\u00e1tica, puntuaci\u00f3n y estilo. El objetivo es eliminar errores y mejorar la legibilidad y la precisi\u00f3n ling\u00fc\u00edstica del texto. Un servicio de correcci\u00f3n profesional tambi\u00e9n puede adaptarse a los requisitos espec\u00edficos del autor o del sector, ajustando el texto a determinados est\u00e1ndares o a un p\u00fablico concreto.\" srcset=\"https:\/\/heisetranslations.com\/wp-content\/uploads\/2025\/05\/Editing-and-Proofreading-1-1024x704.png 1024w, https:\/\/heisetranslations.com\/wp-content\/uploads\/2025\/05\/Editing-and-Proofreading-1-300x206.png 300w, https:\/\/heisetranslations.com\/wp-content\/uploads\/2025\/05\/Editing-and-Proofreading-1-768x528.png 768w, https:\/\/heisetranslations.com\/wp-content\/uploads\/2025\/05\/Editing-and-Proofreading-1-1536x1055.png 1536w, https:\/\/heisetranslations.com\/wp-content\/uploads\/2025\/05\/Editing-and-Proofreading-1-2048x1407.png 2048w\" sizes=\"(max-width: 800px) 100vw, 800px\" \/>\t\t\t\t\t\t\t\t\t\t\t\t\t\t\t<\/div>\n\t\t\t\t<\/div>\n\t\t\t\t<\/div>\n\t\t\t\t\t<\/div>\n\t\t\t\t<\/div>\n\t\t\t\t<\/div>\n\t\t","protected":false},"excerpt":{"rendered":"<p>Korrekturlesen Ein Dokumentenkorrekturservice umfasst die sorgf\u00e4ltige \u00dcberpr\u00fcfung und Korrektur von Texten in Bezug auf Rechtschreibung, Grammatik, Zeichensetzung und Stil. Ziel ist es, Fehler zu beseitigen und die Lesbarkeit sowie die sprachliche Pr\u00e4zision des Dokuments zu verbessern. Ein professioneller Korrekturservice kann auch auf spezifische Anforderungen des Autors oder der Branche eingehen, um den Text an bestimmte [&hellip;]<\/p>\n","protected":false},"author":1,"featured_media":0,"parent":0,"menu_order":0,"comment_status":"closed","ping_status":"closed","template":"","meta":{"footnotes":""},"class_list":["post-636","page","type-page","status-publish","hentry"],"yoast_head":"<!-- This site is optimized with the Yoast SEO plugin v27.3 - https:\/\/yoast.com\/product\/yoast-seo-wordpress\/ -->\n<title>Korrekturlesen | Sprachliche Unterst\u00fctzung bei Meetings - Heise Translations<\/title>\n<meta name=\"description\" content=\"Heise Translations bietet konsekutive und simultane Dolmetschdienste f\u00fcr Meetings, Veranstaltungen, Gerichtsverhandlungen oder Beh\u00f6rdeng\u00e4nge \u2013 mit Pr\u00e4zision, Professionalit\u00e4t und Vertraulichkeit.\" \/>\n<meta name=\"robots\" content=\"index, follow, max-snippet:-1, max-image-preview:large, max-video-preview:-1\" \/>\n<link rel=\"canonical\" href=\"https:\/\/heisetranslations.com\/de\/korrekturlesen\/\" \/>\n<meta property=\"og:locale\" content=\"de_DE\" \/>\n<meta property=\"og:type\" content=\"article\" \/>\n<meta property=\"og:title\" content=\"Korrekturlesen | Sprachliche Unterst\u00fctzung bei Meetings - Heise Translations\" \/>\n<meta property=\"og:description\" content=\"Heise Translations bietet konsekutive und simultane Dolmetschdienste f\u00fcr Meetings, Veranstaltungen, Gerichtsverhandlungen oder Beh\u00f6rdeng\u00e4nge \u2013 mit Pr\u00e4zision, Professionalit\u00e4t und Vertraulichkeit.\" \/>\n<meta property=\"og:url\" content=\"https:\/\/heisetranslations.com\/de\/korrekturlesen\/\" \/>\n<meta property=\"og:site_name\" content=\"Heise Translations\" \/>\n<meta property=\"article:modified_time\" content=\"2025-05-26T05:35:40+00:00\" \/>\n<meta property=\"og:image\" content=\"http:\/\/heisetranslations.com\/wp-content\/uploads\/2025\/05\/Editing-and-Proofreading-1-1024x704.png\" \/>\n<meta name=\"twitter:card\" content=\"summary_large_image\" \/>\n<meta name=\"twitter:label1\" content=\"Gesch\u00e4tzte Lesezeit\" \/>\n\t<meta name=\"twitter:data1\" content=\"1\u00a0Minute\" \/>\n<script type=\"application\/ld+json\" class=\"yoast-schema-graph\">{\"@context\":\"https:\\\/\\\/schema.org\",\"@graph\":[{\"@type\":\"WebPage\",\"@id\":\"https:\\\/\\\/heisetranslations.com\\\/de\\\/korrekturlesen\\\/\",\"url\":\"https:\\\/\\\/heisetranslations.com\\\/de\\\/korrekturlesen\\\/\",\"name\":\"Korrekturlesen | Sprachliche Unterst\u00fctzung bei Meetings - Heise Translations\",\"isPartOf\":{\"@id\":\"https:\\\/\\\/heisetranslations.com\\\/#website\"},\"primaryImageOfPage\":{\"@id\":\"https:\\\/\\\/heisetranslations.com\\\/de\\\/korrekturlesen\\\/#primaryimage\"},\"image\":{\"@id\":\"https:\\\/\\\/heisetranslations.com\\\/de\\\/korrekturlesen\\\/#primaryimage\"},\"thumbnailUrl\":\"http:\\\/\\\/heisetranslations.com\\\/wp-content\\\/uploads\\\/2025\\\/05\\\/Editing-and-Proofreading-1-1024x704.png\",\"datePublished\":\"2025-04-27T16:46:40+00:00\",\"dateModified\":\"2025-05-26T05:35:40+00:00\",\"description\":\"Heise Translations bietet konsekutive und simultane Dolmetschdienste f\u00fcr Meetings, Veranstaltungen, Gerichtsverhandlungen oder Beh\u00f6rdeng\u00e4nge \u2013 mit Pr\u00e4zision, Professionalit\u00e4t und Vertraulichkeit.\",\"breadcrumb\":{\"@id\":\"https:\\\/\\\/heisetranslations.com\\\/de\\\/korrekturlesen\\\/#breadcrumb\"},\"inLanguage\":\"de\",\"potentialAction\":[{\"@type\":\"ReadAction\",\"target\":[\"https:\\\/\\\/heisetranslations.com\\\/de\\\/korrekturlesen\\\/\"]}]},{\"@type\":\"ImageObject\",\"inLanguage\":\"de\",\"@id\":\"https:\\\/\\\/heisetranslations.com\\\/de\\\/korrekturlesen\\\/#primaryimage\",\"url\":\"http:\\\/\\\/heisetranslations.com\\\/wp-content\\\/uploads\\\/2025\\\/05\\\/Editing-and-Proofreading-1-1024x704.png\",\"contentUrl\":\"http:\\\/\\\/heisetranslations.com\\\/wp-content\\\/uploads\\\/2025\\\/05\\\/Editing-and-Proofreading-1-1024x704.png\"},{\"@type\":\"BreadcrumbList\",\"@id\":\"https:\\\/\\\/heisetranslations.com\\\/de\\\/korrekturlesen\\\/#breadcrumb\",\"itemListElement\":[{\"@type\":\"ListItem\",\"position\":1,\"name\":\"Portada\",\"item\":\"https:\\\/\\\/heisetranslations.com\\\/\"},{\"@type\":\"ListItem\",\"position\":2,\"name\":\"Korrekturlesen\"}]},{\"@type\":\"WebSite\",\"@id\":\"https:\\\/\\\/heisetranslations.com\\\/#website\",\"url\":\"https:\\\/\\\/heisetranslations.com\\\/\",\"name\":\"Heise Translations\",\"description\":\"Language services in and from Mallorca\",\"publisher\":{\"@id\":\"https:\\\/\\\/heisetranslations.com\\\/#organization\"},\"potentialAction\":[{\"@type\":\"SearchAction\",\"target\":{\"@type\":\"EntryPoint\",\"urlTemplate\":\"https:\\\/\\\/heisetranslations.com\\\/?s={search_term_string}\"},\"query-input\":{\"@type\":\"PropertyValueSpecification\",\"valueRequired\":true,\"valueName\":\"search_term_string\"}}],\"inLanguage\":\"de\"},{\"@type\":\"Organization\",\"@id\":\"https:\\\/\\\/heisetranslations.com\\\/#organization\",\"name\":\"Heise Translations\",\"url\":\"https:\\\/\\\/heisetranslations.com\\\/\",\"logo\":{\"@type\":\"ImageObject\",\"inLanguage\":\"de\",\"@id\":\"https:\\\/\\\/heisetranslations.com\\\/#\\\/schema\\\/logo\\\/image\\\/\",\"url\":\"https:\\\/\\\/heisetranslations.com\\\/wp-content\\\/uploads\\\/2025\\\/04\\\/logo-h1-1.png\",\"contentUrl\":\"https:\\\/\\\/heisetranslations.com\\\/wp-content\\\/uploads\\\/2025\\\/04\\\/logo-h1-1.png\",\"width\":1600,\"height\":1600,\"caption\":\"Heise Translations\"},\"image\":{\"@id\":\"https:\\\/\\\/heisetranslations.com\\\/#\\\/schema\\\/logo\\\/image\\\/\"}}]}<\/script>\n<!-- \/ Yoast SEO plugin. -->","yoast_head_json":{"title":"Korrekturlesen | Sprachliche Unterst\u00fctzung bei Meetings - Heise Translations","description":"Heise Translations bietet konsekutive und simultane Dolmetschdienste f\u00fcr Meetings, Veranstaltungen, Gerichtsverhandlungen oder Beh\u00f6rdeng\u00e4nge \u2013 mit Pr\u00e4zision, Professionalit\u00e4t und Vertraulichkeit.","robots":{"index":"index","follow":"follow","max-snippet":"max-snippet:-1","max-image-preview":"max-image-preview:large","max-video-preview":"max-video-preview:-1"},"canonical":"https:\/\/heisetranslations.com\/de\/korrekturlesen\/","og_locale":"de_DE","og_type":"article","og_title":"Korrekturlesen | Sprachliche Unterst\u00fctzung bei Meetings - Heise Translations","og_description":"Heise Translations bietet konsekutive und simultane Dolmetschdienste f\u00fcr Meetings, Veranstaltungen, Gerichtsverhandlungen oder Beh\u00f6rdeng\u00e4nge \u2013 mit Pr\u00e4zision, Professionalit\u00e4t und Vertraulichkeit.","og_url":"https:\/\/heisetranslations.com\/de\/korrekturlesen\/","og_site_name":"Heise Translations","article_modified_time":"2025-05-26T05:35:40+00:00","og_image":[{"url":"http:\/\/heisetranslations.com\/wp-content\/uploads\/2025\/05\/Editing-and-Proofreading-1-1024x704.png","type":"","width":"","height":""}],"twitter_card":"summary_large_image","twitter_misc":{"Gesch\u00e4tzte Lesezeit":"1\u00a0Minute"},"schema":{"@context":"https:\/\/schema.org","@graph":[{"@type":"WebPage","@id":"https:\/\/heisetranslations.com\/de\/korrekturlesen\/","url":"https:\/\/heisetranslations.com\/de\/korrekturlesen\/","name":"Korrekturlesen | Sprachliche Unterst\u00fctzung bei Meetings - Heise Translations","isPartOf":{"@id":"https:\/\/heisetranslations.com\/#website"},"primaryImageOfPage":{"@id":"https:\/\/heisetranslations.com\/de\/korrekturlesen\/#primaryimage"},"image":{"@id":"https:\/\/heisetranslations.com\/de\/korrekturlesen\/#primaryimage"},"thumbnailUrl":"http:\/\/heisetranslations.com\/wp-content\/uploads\/2025\/05\/Editing-and-Proofreading-1-1024x704.png","datePublished":"2025-04-27T16:46:40+00:00","dateModified":"2025-05-26T05:35:40+00:00","description":"Heise Translations bietet konsekutive und simultane Dolmetschdienste f\u00fcr Meetings, Veranstaltungen, Gerichtsverhandlungen oder Beh\u00f6rdeng\u00e4nge \u2013 mit Pr\u00e4zision, Professionalit\u00e4t und Vertraulichkeit.","breadcrumb":{"@id":"https:\/\/heisetranslations.com\/de\/korrekturlesen\/#breadcrumb"},"inLanguage":"de","potentialAction":[{"@type":"ReadAction","target":["https:\/\/heisetranslations.com\/de\/korrekturlesen\/"]}]},{"@type":"ImageObject","inLanguage":"de","@id":"https:\/\/heisetranslations.com\/de\/korrekturlesen\/#primaryimage","url":"http:\/\/heisetranslations.com\/wp-content\/uploads\/2025\/05\/Editing-and-Proofreading-1-1024x704.png","contentUrl":"http:\/\/heisetranslations.com\/wp-content\/uploads\/2025\/05\/Editing-and-Proofreading-1-1024x704.png"},{"@type":"BreadcrumbList","@id":"https:\/\/heisetranslations.com\/de\/korrekturlesen\/#breadcrumb","itemListElement":[{"@type":"ListItem","position":1,"name":"Portada","item":"https:\/\/heisetranslations.com\/"},{"@type":"ListItem","position":2,"name":"Korrekturlesen"}]},{"@type":"WebSite","@id":"https:\/\/heisetranslations.com\/#website","url":"https:\/\/heisetranslations.com\/","name":"Heise Translations","description":"Language services in and from Mallorca","publisher":{"@id":"https:\/\/heisetranslations.com\/#organization"},"potentialAction":[{"@type":"SearchAction","target":{"@type":"EntryPoint","urlTemplate":"https:\/\/heisetranslations.com\/?s={search_term_string}"},"query-input":{"@type":"PropertyValueSpecification","valueRequired":true,"valueName":"search_term_string"}}],"inLanguage":"de"},{"@type":"Organization","@id":"https:\/\/heisetranslations.com\/#organization","name":"Heise Translations","url":"https:\/\/heisetranslations.com\/","logo":{"@type":"ImageObject","inLanguage":"de","@id":"https:\/\/heisetranslations.com\/#\/schema\/logo\/image\/","url":"https:\/\/heisetranslations.com\/wp-content\/uploads\/2025\/04\/logo-h1-1.png","contentUrl":"https:\/\/heisetranslations.com\/wp-content\/uploads\/2025\/04\/logo-h1-1.png","width":1600,"height":1600,"caption":"Heise Translations"},"image":{"@id":"https:\/\/heisetranslations.com\/#\/schema\/logo\/image\/"}}]}},"_links":{"self":[{"href":"https:\/\/heisetranslations.com\/de\/wp-json\/wp\/v2\/pages\/636","targetHints":{"allow":["GET"]}}],"collection":[{"href":"https:\/\/heisetranslations.com\/de\/wp-json\/wp\/v2\/pages"}],"about":[{"href":"https:\/\/heisetranslations.com\/de\/wp-json\/wp\/v2\/types\/page"}],"author":[{"embeddable":true,"href":"https:\/\/heisetranslations.com\/de\/wp-json\/wp\/v2\/users\/1"}],"replies":[{"embeddable":true,"href":"https:\/\/heisetranslations.com\/de\/wp-json\/wp\/v2\/comments?post=636"}],"version-history":[{"count":11,"href":"https:\/\/heisetranslations.com\/de\/wp-json\/wp\/v2\/pages\/636\/revisions"}],"predecessor-version":[{"id":1827,"href":"https:\/\/heisetranslations.com\/de\/wp-json\/wp\/v2\/pages\/636\/revisions\/1827"}],"wp:attachment":[{"href":"https:\/\/heisetranslations.com\/de\/wp-json\/wp\/v2\/media?parent=636"}],"curies":[{"name":"wp","href":"https:\/\/api.w.org\/{rel}","templated":true}]}}