{"id":624,"date":"2025-04-29T12:40:47","date_gmt":"2025-04-29T12:40:47","guid":{"rendered":"https:\/\/heisetranslations.com\/technische-uebersetzungen\/"},"modified":"2025-05-26T05:26:56","modified_gmt":"2025-05-26T05:26:56","slug":"fachuebersetzung","status":"publish","type":"page","link":"https:\/\/heisetranslations.com\/de\/fachuebersetzung\/","title":{"rendered":"Fach\u00fcbersetzung"},"content":{"rendered":"\t\t<div data-elementor-type=\"wp-page\" data-elementor-id=\"624\" class=\"elementor elementor-624 elementor-491\" data-elementor-post-type=\"page\">\n\t\t\t\t<div class=\"elementor-element elementor-element-5c86288 e-flex e-con-boxed e-con e-parent\" data-id=\"5c86288\" data-element_type=\"container\" data-e-type=\"container\">\n\t\t\t\t\t<div class=\"e-con-inner\">\n\t\t<div class=\"elementor-element elementor-element-d334a28 e-con-full e-flex e-con e-child\" data-id=\"d334a28\" data-element_type=\"container\" data-e-type=\"container\">\n\t\t\t\t<div class=\"elementor-element elementor-element-cd10bc8 elementor-widget elementor-widget-heading\" data-id=\"cd10bc8\" data-element_type=\"widget\" data-e-type=\"widget\" data-widget_type=\"heading.default\">\n\t\t\t\t<div class=\"elementor-widget-container\">\n\t\t\t\t\t<h2 class=\"elementor-heading-title elementor-size-default\">Fach\u00fcbersetzung<\/h2>\t\t\t\t<\/div>\n\t\t\t\t<\/div>\n\t\t\t\t<div class=\"elementor-element elementor-element-52d5909 elementor-widget elementor-widget-text-editor\" data-id=\"52d5909\" data-element_type=\"widget\" data-e-type=\"widget\" data-widget_type=\"text-editor.default\">\n\t\t\t\t<div class=\"elementor-widget-container\">\n\t\t\t\t\t\t\t\t\t<p>Eine spezialisierte \u00dcbersetzung bezieht sich auf das \u00dcbersetzen von Texten, die spezifisches Fachwissen in bestimmten Bereichen erfordern ohne, dass es eine Beglaubigung ben\u00f6tigt. Diese Art von \u00dcbersetzung erfordert, dass der \u00dcbersetzer nicht nur sprachlich versiert ist, sondern auch tiefgehendes Wissen \u00fcber das jeweilige Fachgebiet besitzt, um die Terminologie, den Stil und die Pr\u00e4zision des Fachtextes zu bewahren.<\/p>\t\t\t\t\t\t\t\t<\/div>\n\t\t\t\t<\/div>\n\t\t\t\t<div class=\"elementor-element elementor-element-5f349b8 elementor-widget elementor-widget-n-accordion\" data-id=\"5f349b8\" data-element_type=\"widget\" data-e-type=\"widget\" data-settings=\"{&quot;default_state&quot;:&quot;expanded&quot;,&quot;max_items_expended&quot;:&quot;one&quot;,&quot;n_accordion_animation_duration&quot;:{&quot;unit&quot;:&quot;ms&quot;,&quot;size&quot;:400,&quot;sizes&quot;:[]}}\" data-widget_type=\"nested-accordion.default\">\n\t\t\t\t<div class=\"elementor-widget-container\">\n\t\t\t\t\t\t\t<div class=\"e-n-accordion\" aria-label=\"Accordion. Open links with Enter or Space, close with Escape, and navigate with Arrow Keys\">\n\t\t\t\t\t\t<details id=\"e-n-accordion-item-9980\" class=\"e-n-accordion-item\" open>\n\t\t\t\t<summary class=\"e-n-accordion-item-title\" data-accordion-index=\"1\" tabindex=\"0\" aria-expanded=\"true\" aria-controls=\"e-n-accordion-item-9980\" >\n\t\t\t\t\t<span class='e-n-accordion-item-title-header'><div class=\"e-n-accordion-item-title-text\"> Beispiele von Dokumenten, die eine spezialisierte \u00dcbersetzung erfordern: <\/div><\/span>\n\t\t\t\t\t\t\t<span class='e-n-accordion-item-title-icon'>\n\t\t\t<span class='e-opened' ><svg aria-hidden=\"true\" class=\"e-font-icon-svg e-fas-minus\" viewBox=\"0 0 448 512\" xmlns=\"http:\/\/www.w3.org\/2000\/svg\"><path d=\"M416 208H32c-17.67 0-32 14.33-32 32v32c0 17.67 14.33 32 32 32h384c17.67 0 32-14.33 32-32v-32c0-17.67-14.33-32-32-32z\"><\/path><\/svg><\/span>\n\t\t\t<span class='e-closed'><svg aria-hidden=\"true\" class=\"e-font-icon-svg e-fas-plus\" viewBox=\"0 0 448 512\" xmlns=\"http:\/\/www.w3.org\/2000\/svg\"><path d=\"M416 208H272V64c0-17.67-14.33-32-32-32h-32c-17.67 0-32 14.33-32 32v144H32c-17.67 0-32 14.33-32 32v32c0 17.67 14.33 32 32 32h144v144c0 17.67 14.33 32 32 32h32c17.67 0 32-14.33 32-32V304h144c17.67 0 32-14.33 32-32v-32c0-17.67-14.33-32-32-32z\"><\/path><\/svg><\/span>\n\t\t<\/span>\n\n\t\t\t\t\t\t<\/summary>\n\t\t\t\t<div role=\"region\" aria-labelledby=\"e-n-accordion-item-9980\" class=\"elementor-element elementor-element-4c0e988 e-con-full e-flex e-con e-child\" data-id=\"4c0e988\" data-element_type=\"container\" data-e-type=\"container\">\n\t\t<div role=\"region\" aria-labelledby=\"e-n-accordion-item-9980\" class=\"elementor-element elementor-element-d1b7d78 e-con-full e-flex e-con e-child\" data-id=\"d1b7d78\" data-element_type=\"container\" data-e-type=\"container\">\n\t\t\t\t<div class=\"elementor-element elementor-element-2c7b29e elementor-widget elementor-widget-text-editor\" data-id=\"2c7b29e\" data-element_type=\"widget\" data-e-type=\"widget\" data-widget_type=\"text-editor.default\">\n\t\t\t\t<div class=\"elementor-widget-container\">\n\t\t\t\t\t\t\t\t\tMedizinische Gutachten, Klinische Studienberichte, Patentschriften, Technische Handb\u00fccher, Gerichtsurteile, Pharmazeutische Beipackzettel, Baupl\u00e4ne und technische Zeichnungen, Umweltschutzberichte, Wissenschaftliche Forschungsartikel, Arbeitsvertr\u00e4ge, Bedienungsanleitungen f\u00fcr Maschinen, Internationale Normen und Standards, usw&#8230;\t\t\t\t\t\t\t\t<\/div>\n\t\t\t\t<\/div>\n\t\t\t\t<\/div>\n\t\t\t\t<\/div>\n\t\t\t\t\t<\/details>\n\t\t\t\t\t<\/div>\n\t\t\t\t\t\t<\/div>\n\t\t\t\t<\/div>\n\t\t\t\t<div class=\"elementor-element elementor-element-bee8ed8 elementor-widget elementor-widget-text-editor\" data-id=\"bee8ed8\" data-element_type=\"widget\" data-e-type=\"widget\" data-widget_type=\"text-editor.default\">\n\t\t\t\t<div class=\"elementor-widget-container\">\n\t\t\t\t\t\t\t\t\t<p>In diesen Dokumenten sind oft spezialisierte Terminologien und komplexe Konzepte enthalten, die nur mit entsprechendem Fachwissen pr\u00e4zise und korrekt \u00fcbersetzt werden k\u00f6nnen.<\/p>\t\t\t\t\t\t\t\t<\/div>\n\t\t\t\t<\/div>\n\t\t\t\t<div class=\"elementor-element elementor-element-4564b09 elementor-mobile-align-justify elementor-widget elementor-widget-button\" data-id=\"4564b09\" data-element_type=\"widget\" data-e-type=\"widget\" data-widget_type=\"button.default\">\n\t\t\t\t<div class=\"elementor-widget-container\">\n\t\t\t\t\t\t\t\t\t<div class=\"elementor-button-wrapper\">\n\t\t\t\t\t<a class=\"elementor-button elementor-button-link elementor-size-sm\" href=\"https:\/\/heisetranslations.com\/de\/kontakt\/\">\n\t\t\t\t\t\t<span class=\"elementor-button-content-wrapper\">\n\t\t\t\t\t\t<span class=\"elementor-button-icon\">\n\t\t\t\t<svg aria-hidden=\"true\" class=\"e-font-icon-svg e-fas-arrow-circle-right\" viewBox=\"0 0 512 512\" xmlns=\"http:\/\/www.w3.org\/2000\/svg\"><path d=\"M256 8c137 0 248 111 248 248S393 504 256 504 8 393 8 256 119 8 256 8zm-28.9 143.6l75.5 72.4H120c-13.3 0-24 10.7-24 24v16c0 13.3 10.7 24 24 24h182.6l-75.5 72.4c-9.7 9.3-9.9 24.8-.4 34.3l11 10.9c9.4 9.4 24.6 9.4 33.9 0L404.3 273c9.4-9.4 9.4-24.6 0-33.9L271.6 106.3c-9.4-9.4-24.6-9.4-33.9 0l-11 10.9c-9.5 9.6-9.3 25.1.4 34.4z\"><\/path><\/svg>\t\t\t<\/span>\n\t\t\t\t\t\t\t\t\t<span class=\"elementor-button-text\">Kontakt<\/span>\n\t\t\t\t\t<\/span>\n\t\t\t\t\t<\/a>\n\t\t\t\t<\/div>\n\t\t\t\t\t\t\t\t<\/div>\n\t\t\t\t<\/div>\n\t\t\t\t<\/div>\n\t\t<div class=\"elementor-element elementor-element-3e902b3 e-con-full e-flex e-con e-child\" data-id=\"3e902b3\" data-element_type=\"container\" data-e-type=\"container\">\n\t\t\t\t<div class=\"elementor-element elementor-element-5bac004 elementor-widget elementor-widget-image\" data-id=\"5bac004\" data-element_type=\"widget\" data-e-type=\"widget\" data-widget_type=\"image.default\">\n\t\t\t\t<div class=\"elementor-widget-container\">\n\t\t\t\t\t\t\t\t\t\t\t\t\t\t\t<img fetchpriority=\"high\" decoding=\"async\" width=\"800\" height=\"800\" src=\"https:\/\/heisetranslations.com\/wp-content\/uploads\/2025\/05\/Technical-Translations-1-1-1-1024x1024.webp\" class=\"attachment-large size-large wp-image-1801\" alt=\"Traducci\u00f3n especializada Una traducci\u00f3n especializada se refiere a la traducci\u00f3n de textos que requieren conocimientos t\u00e9cnicos o espec\u00edficos en determinados campos, sin necesidad de certificaci\u00f3n oficial. Este tipo de traducci\u00f3n exige que el traductor no solo tenga dominio del idioma, sino tambi\u00e9n un profundo conocimiento del \u00e1rea tem\u00e1tica, con el fin de respetar la terminolog\u00eda, el estilo y la precisi\u00f3n del texto t\u00e9cnico.\" srcset=\"https:\/\/heisetranslations.com\/wp-content\/uploads\/2025\/05\/Technical-Translations-1-1-1-1024x1024.webp 1024w, https:\/\/heisetranslations.com\/wp-content\/uploads\/2025\/05\/Technical-Translations-1-1-1-300x300.webp 300w, https:\/\/heisetranslations.com\/wp-content\/uploads\/2025\/05\/Technical-Translations-1-1-1-150x150.webp 150w, https:\/\/heisetranslations.com\/wp-content\/uploads\/2025\/05\/Technical-Translations-1-1-1-768x768.webp 768w, https:\/\/heisetranslations.com\/wp-content\/uploads\/2025\/05\/Technical-Translations-1-1-1.webp 1280w\" sizes=\"(max-width: 800px) 100vw, 800px\" \/>\t\t\t\t\t\t\t\t\t\t\t\t\t\t\t<\/div>\n\t\t\t\t<\/div>\n\t\t\t\t<\/div>\n\t\t\t\t\t<\/div>\n\t\t\t\t<\/div>\n\t\t\t\t<\/div>\n\t\t","protected":false},"excerpt":{"rendered":"<p>Fach\u00fcbersetzung Eine spezialisierte \u00dcbersetzung bezieht sich auf das \u00dcbersetzen von Texten, die spezifisches Fachwissen in bestimmten Bereichen erfordern ohne, dass es eine Beglaubigung ben\u00f6tigt. Diese Art von \u00dcbersetzung erfordert, dass der \u00dcbersetzer nicht nur sprachlich versiert ist, sondern auch tiefgehendes Wissen \u00fcber das jeweilige Fachgebiet besitzt, um die Terminologie, den Stil und die Pr\u00e4zision des [&hellip;]<\/p>\n","protected":false},"author":1,"featured_media":0,"parent":0,"menu_order":0,"comment_status":"closed","ping_status":"closed","template":"","meta":{"footnotes":""},"class_list":["post-624","page","type-page","status-publish","hentry"],"yoast_head":"<!-- This site is optimized with the Yoast SEO plugin v27.3 - https:\/\/yoast.com\/product\/yoast-seo-wordpress\/ -->\n<title>Fach\u00fcbersetzung | Sprachl\u00f6sungen f\u00fcr technische Fachbereiche - Heise Translations<\/title>\n<meta name=\"description\" content=\"Heise Translations bietet pr\u00e4zise und spezialisierte technische \u00dcbersetzungen f\u00fcr Bereiche wie Medizin, Ingenieurwesen und Technologie \u2013 mit terminologischer Kompetenz und Professionalit\u00e4t.\" \/>\n<meta name=\"robots\" content=\"index, follow, max-snippet:-1, max-image-preview:large, max-video-preview:-1\" \/>\n<link rel=\"canonical\" href=\"https:\/\/heisetranslations.com\/de\/fachuebersetzung\/\" \/>\n<meta property=\"og:locale\" content=\"de_DE\" \/>\n<meta property=\"og:type\" content=\"article\" \/>\n<meta property=\"og:title\" content=\"Fach\u00fcbersetzung | Sprachl\u00f6sungen f\u00fcr technische Fachbereiche - Heise Translations\" \/>\n<meta property=\"og:description\" content=\"Heise Translations bietet pr\u00e4zise und spezialisierte technische \u00dcbersetzungen f\u00fcr Bereiche wie Medizin, Ingenieurwesen und Technologie \u2013 mit terminologischer Kompetenz und Professionalit\u00e4t.\" \/>\n<meta property=\"og:url\" content=\"https:\/\/heisetranslations.com\/de\/fachuebersetzung\/\" \/>\n<meta property=\"og:site_name\" content=\"Heise Translations\" \/>\n<meta property=\"article:modified_time\" content=\"2025-05-26T05:26:56+00:00\" \/>\n<meta property=\"og:image\" content=\"http:\/\/heisetranslations.com\/wp-content\/uploads\/2025\/05\/Technical-Translations-1-1-1-1024x1024.webp\" \/>\n<meta name=\"twitter:card\" content=\"summary_large_image\" \/>\n<meta name=\"twitter:label1\" content=\"Gesch\u00e4tzte Lesezeit\" \/>\n\t<meta name=\"twitter:data1\" content=\"1\u00a0Minute\" \/>\n<script type=\"application\/ld+json\" class=\"yoast-schema-graph\">{\"@context\":\"https:\\\/\\\/schema.org\",\"@graph\":[{\"@type\":\"WebPage\",\"@id\":\"https:\\\/\\\/heisetranslations.com\\\/de\\\/fachuebersetzung\\\/\",\"url\":\"https:\\\/\\\/heisetranslations.com\\\/de\\\/fachuebersetzung\\\/\",\"name\":\"Fach\u00fcbersetzung | Sprachl\u00f6sungen f\u00fcr technische Fachbereiche - Heise Translations\",\"isPartOf\":{\"@id\":\"https:\\\/\\\/heisetranslations.com\\\/#website\"},\"primaryImageOfPage\":{\"@id\":\"https:\\\/\\\/heisetranslations.com\\\/de\\\/fachuebersetzung\\\/#primaryimage\"},\"image\":{\"@id\":\"https:\\\/\\\/heisetranslations.com\\\/de\\\/fachuebersetzung\\\/#primaryimage\"},\"thumbnailUrl\":\"http:\\\/\\\/heisetranslations.com\\\/wp-content\\\/uploads\\\/2025\\\/05\\\/Technical-Translations-1-1-1-1024x1024.webp\",\"datePublished\":\"2025-04-29T12:40:47+00:00\",\"dateModified\":\"2025-05-26T05:26:56+00:00\",\"description\":\"Heise Translations bietet pr\u00e4zise und spezialisierte technische \u00dcbersetzungen f\u00fcr Bereiche wie Medizin, Ingenieurwesen und Technologie \u2013 mit terminologischer Kompetenz und Professionalit\u00e4t.\",\"breadcrumb\":{\"@id\":\"https:\\\/\\\/heisetranslations.com\\\/de\\\/fachuebersetzung\\\/#breadcrumb\"},\"inLanguage\":\"de\",\"potentialAction\":[{\"@type\":\"ReadAction\",\"target\":[\"https:\\\/\\\/heisetranslations.com\\\/de\\\/fachuebersetzung\\\/\"]}]},{\"@type\":\"ImageObject\",\"inLanguage\":\"de\",\"@id\":\"https:\\\/\\\/heisetranslations.com\\\/de\\\/fachuebersetzung\\\/#primaryimage\",\"url\":\"http:\\\/\\\/heisetranslations.com\\\/wp-content\\\/uploads\\\/2025\\\/05\\\/Technical-Translations-1-1-1-1024x1024.webp\",\"contentUrl\":\"http:\\\/\\\/heisetranslations.com\\\/wp-content\\\/uploads\\\/2025\\\/05\\\/Technical-Translations-1-1-1-1024x1024.webp\"},{\"@type\":\"BreadcrumbList\",\"@id\":\"https:\\\/\\\/heisetranslations.com\\\/de\\\/fachuebersetzung\\\/#breadcrumb\",\"itemListElement\":[{\"@type\":\"ListItem\",\"position\":1,\"name\":\"Portada\",\"item\":\"https:\\\/\\\/heisetranslations.com\\\/\"},{\"@type\":\"ListItem\",\"position\":2,\"name\":\"Fach\u00fcbersetzung\"}]},{\"@type\":\"WebSite\",\"@id\":\"https:\\\/\\\/heisetranslations.com\\\/#website\",\"url\":\"https:\\\/\\\/heisetranslations.com\\\/\",\"name\":\"Heise Translations\",\"description\":\"Language services in and from Mallorca\",\"publisher\":{\"@id\":\"https:\\\/\\\/heisetranslations.com\\\/#organization\"},\"potentialAction\":[{\"@type\":\"SearchAction\",\"target\":{\"@type\":\"EntryPoint\",\"urlTemplate\":\"https:\\\/\\\/heisetranslations.com\\\/?s={search_term_string}\"},\"query-input\":{\"@type\":\"PropertyValueSpecification\",\"valueRequired\":true,\"valueName\":\"search_term_string\"}}],\"inLanguage\":\"de\"},{\"@type\":\"Organization\",\"@id\":\"https:\\\/\\\/heisetranslations.com\\\/#organization\",\"name\":\"Heise Translations\",\"url\":\"https:\\\/\\\/heisetranslations.com\\\/\",\"logo\":{\"@type\":\"ImageObject\",\"inLanguage\":\"de\",\"@id\":\"https:\\\/\\\/heisetranslations.com\\\/#\\\/schema\\\/logo\\\/image\\\/\",\"url\":\"https:\\\/\\\/heisetranslations.com\\\/wp-content\\\/uploads\\\/2025\\\/04\\\/logo-h1-1.png\",\"contentUrl\":\"https:\\\/\\\/heisetranslations.com\\\/wp-content\\\/uploads\\\/2025\\\/04\\\/logo-h1-1.png\",\"width\":1600,\"height\":1600,\"caption\":\"Heise Translations\"},\"image\":{\"@id\":\"https:\\\/\\\/heisetranslations.com\\\/#\\\/schema\\\/logo\\\/image\\\/\"}}]}<\/script>\n<!-- \/ Yoast SEO plugin. -->","yoast_head_json":{"title":"Fach\u00fcbersetzung | Sprachl\u00f6sungen f\u00fcr technische Fachbereiche - Heise Translations","description":"Heise Translations bietet pr\u00e4zise und spezialisierte technische \u00dcbersetzungen f\u00fcr Bereiche wie Medizin, Ingenieurwesen und Technologie \u2013 mit terminologischer Kompetenz und Professionalit\u00e4t.","robots":{"index":"index","follow":"follow","max-snippet":"max-snippet:-1","max-image-preview":"max-image-preview:large","max-video-preview":"max-video-preview:-1"},"canonical":"https:\/\/heisetranslations.com\/de\/fachuebersetzung\/","og_locale":"de_DE","og_type":"article","og_title":"Fach\u00fcbersetzung | Sprachl\u00f6sungen f\u00fcr technische Fachbereiche - Heise Translations","og_description":"Heise Translations bietet pr\u00e4zise und spezialisierte technische \u00dcbersetzungen f\u00fcr Bereiche wie Medizin, Ingenieurwesen und Technologie \u2013 mit terminologischer Kompetenz und Professionalit\u00e4t.","og_url":"https:\/\/heisetranslations.com\/de\/fachuebersetzung\/","og_site_name":"Heise Translations","article_modified_time":"2025-05-26T05:26:56+00:00","og_image":[{"url":"http:\/\/heisetranslations.com\/wp-content\/uploads\/2025\/05\/Technical-Translations-1-1-1-1024x1024.webp","type":"","width":"","height":""}],"twitter_card":"summary_large_image","twitter_misc":{"Gesch\u00e4tzte Lesezeit":"1\u00a0Minute"},"schema":{"@context":"https:\/\/schema.org","@graph":[{"@type":"WebPage","@id":"https:\/\/heisetranslations.com\/de\/fachuebersetzung\/","url":"https:\/\/heisetranslations.com\/de\/fachuebersetzung\/","name":"Fach\u00fcbersetzung | Sprachl\u00f6sungen f\u00fcr technische Fachbereiche - Heise Translations","isPartOf":{"@id":"https:\/\/heisetranslations.com\/#website"},"primaryImageOfPage":{"@id":"https:\/\/heisetranslations.com\/de\/fachuebersetzung\/#primaryimage"},"image":{"@id":"https:\/\/heisetranslations.com\/de\/fachuebersetzung\/#primaryimage"},"thumbnailUrl":"http:\/\/heisetranslations.com\/wp-content\/uploads\/2025\/05\/Technical-Translations-1-1-1-1024x1024.webp","datePublished":"2025-04-29T12:40:47+00:00","dateModified":"2025-05-26T05:26:56+00:00","description":"Heise Translations bietet pr\u00e4zise und spezialisierte technische \u00dcbersetzungen f\u00fcr Bereiche wie Medizin, Ingenieurwesen und Technologie \u2013 mit terminologischer Kompetenz und Professionalit\u00e4t.","breadcrumb":{"@id":"https:\/\/heisetranslations.com\/de\/fachuebersetzung\/#breadcrumb"},"inLanguage":"de","potentialAction":[{"@type":"ReadAction","target":["https:\/\/heisetranslations.com\/de\/fachuebersetzung\/"]}]},{"@type":"ImageObject","inLanguage":"de","@id":"https:\/\/heisetranslations.com\/de\/fachuebersetzung\/#primaryimage","url":"http:\/\/heisetranslations.com\/wp-content\/uploads\/2025\/05\/Technical-Translations-1-1-1-1024x1024.webp","contentUrl":"http:\/\/heisetranslations.com\/wp-content\/uploads\/2025\/05\/Technical-Translations-1-1-1-1024x1024.webp"},{"@type":"BreadcrumbList","@id":"https:\/\/heisetranslations.com\/de\/fachuebersetzung\/#breadcrumb","itemListElement":[{"@type":"ListItem","position":1,"name":"Portada","item":"https:\/\/heisetranslations.com\/"},{"@type":"ListItem","position":2,"name":"Fach\u00fcbersetzung"}]},{"@type":"WebSite","@id":"https:\/\/heisetranslations.com\/#website","url":"https:\/\/heisetranslations.com\/","name":"Heise Translations","description":"Language services in and from Mallorca","publisher":{"@id":"https:\/\/heisetranslations.com\/#organization"},"potentialAction":[{"@type":"SearchAction","target":{"@type":"EntryPoint","urlTemplate":"https:\/\/heisetranslations.com\/?s={search_term_string}"},"query-input":{"@type":"PropertyValueSpecification","valueRequired":true,"valueName":"search_term_string"}}],"inLanguage":"de"},{"@type":"Organization","@id":"https:\/\/heisetranslations.com\/#organization","name":"Heise Translations","url":"https:\/\/heisetranslations.com\/","logo":{"@type":"ImageObject","inLanguage":"de","@id":"https:\/\/heisetranslations.com\/#\/schema\/logo\/image\/","url":"https:\/\/heisetranslations.com\/wp-content\/uploads\/2025\/04\/logo-h1-1.png","contentUrl":"https:\/\/heisetranslations.com\/wp-content\/uploads\/2025\/04\/logo-h1-1.png","width":1600,"height":1600,"caption":"Heise Translations"},"image":{"@id":"https:\/\/heisetranslations.com\/#\/schema\/logo\/image\/"}}]}},"_links":{"self":[{"href":"https:\/\/heisetranslations.com\/de\/wp-json\/wp\/v2\/pages\/624","targetHints":{"allow":["GET"]}}],"collection":[{"href":"https:\/\/heisetranslations.com\/de\/wp-json\/wp\/v2\/pages"}],"about":[{"href":"https:\/\/heisetranslations.com\/de\/wp-json\/wp\/v2\/types\/page"}],"author":[{"embeddable":true,"href":"https:\/\/heisetranslations.com\/de\/wp-json\/wp\/v2\/users\/1"}],"replies":[{"embeddable":true,"href":"https:\/\/heisetranslations.com\/de\/wp-json\/wp\/v2\/comments?post=624"}],"version-history":[{"count":5,"href":"https:\/\/heisetranslations.com\/de\/wp-json\/wp\/v2\/pages\/624\/revisions"}],"predecessor-version":[{"id":1804,"href":"https:\/\/heisetranslations.com\/de\/wp-json\/wp\/v2\/pages\/624\/revisions\/1804"}],"wp:attachment":[{"href":"https:\/\/heisetranslations.com\/de\/wp-json\/wp\/v2\/media?parent=624"}],"curies":[{"name":"wp","href":"https:\/\/api.w.org\/{rel}","templated":true}]}}